{"id":17421,"date":"2021-04-06T09:06:00","date_gmt":"2021-04-06T07:06:00","guid":{"rendered":"https:\/\/www.gestionatufarmacia.com\/2021\/?page_id=17421"},"modified":"2021-04-06T09:17:31","modified_gmt":"2021-04-06T07:17:31","slug":"contenido-no-disponible","status":"publish","type":"page","link":"https:\/\/www.gestionatufarmacia.com\/2021\/contenido-no-disponible\/","title":{"rendered":"Contenido no disponible"},"content":{"rendered":"\t\t<div data-elementor-type=\"wp-page\" data-elementor-id=\"17421\" class=\"elementor elementor-17421\" data-elementor-post-type=\"page\">\n\t\t\t\t\t\t<section data-marvy_enable_drop_animation=\"false\" data-marvy_enable_fancy_rotate=\"false\" data-marvy_enable_flying_object=\"false\" data-marvy_enable_ripples_animation=\"false\" data-marvy_enable_waves_animation=\"false\" data-marvy_enable_rings_animation=\"false\" data-marvy_enable_topology_animation=\"false\" data-marvy_enable_gradient_animation=\"false\" data-marvy_enable_snow_animation=\"false\" data-marvy_enable_firework_animation=\"false\" data-marvy_enable_cloud_animation=\"false\" class=\"elementor-section elementor-top-section elementor-element elementor-element-82d9dca elementor-section-stretched elementor-section-boxed elementor-section-height-default elementor-section-height-default\" data-id=\"82d9dca\" data-element_type=\"section\" data-e-type=\"section\" data-settings=\"{&quot;stretch_section&quot;:&quot;section-stretched&quot;,&quot;background_background&quot;:&quot;gradient&quot;}\">\n\t\t\t\t\t\t<div class=\"elementor-container elementor-column-gap-default\">\n\t\t\t\t\t<div class=\"elementor-column elementor-col-100 elementor-top-column elementor-element elementor-element-c9f6a10\" data-id=\"c9f6a10\" data-element_type=\"column\" data-e-type=\"column\">\n\t\t\t<div class=\"elementor-widget-wrap elementor-element-populated\">\n\t\t\t\t\t\t<div class=\"elementor-element elementor-element-4e26d00 elementor-widget elementor-widget-heading\" data-id=\"4e26d00\" data-element_type=\"widget\" data-e-type=\"widget\" data-widget_type=\"heading.default\">\n\t\t\t\t<div class=\"elementor-widget-container\">\n\t\t\t\t\t<h1 class=\"elementor-heading-title elementor-size-default\">Lo sentimos, pero el contenido que buscas no est\u00e1 disponible<\/h1>\t\t\t\t<\/div>\n\t\t\t\t<\/div>\n\t\t\t\t\t<\/div>\n\t\t<\/div>\n\t\t\t\t\t<\/div>\n\t\t<\/section>\n\t\t\t\t<section data-marvy_enable_drop_animation=\"false\" data-marvy_enable_fancy_rotate=\"false\" data-marvy_enable_flying_object=\"false\" data-marvy_enable_ripples_animation=\"false\" data-marvy_enable_waves_animation=\"false\" data-marvy_enable_rings_animation=\"false\" data-marvy_enable_topology_animation=\"false\" data-marvy_enable_gradient_animation=\"false\" data-marvy_enable_snow_animation=\"false\" data-marvy_enable_firework_animation=\"false\" data-marvy_enable_cloud_animation=\"false\" class=\"elementor-section elementor-top-section elementor-element elementor-element-4effc55 elementor-section-content-middle elementor-section-boxed elementor-section-height-default elementor-section-height-default\" data-id=\"4effc55\" data-element_type=\"section\" data-e-type=\"section\" data-settings=\"{&quot;background_background&quot;:&quot;gradient&quot;}\">\n\t\t\t\t\t\t\t<div class=\"elementor-background-overlay\"><\/div>\n\t\t\t\t\t\t\t<div class=\"elementor-container elementor-column-gap-default\">\n\t\t\t\t\t<div class=\"elementor-column elementor-col-100 elementor-top-column elementor-element elementor-element-474605d\" data-id=\"474605d\" data-element_type=\"column\" data-e-type=\"column\" data-settings=\"{&quot;background_background&quot;:&quot;gradient&quot;}\">\n\t\t\t<div class=\"elementor-widget-wrap elementor-element-populated\">\n\t\t\t\t\t\t<div class=\"elementor-element elementor-element-69b75ec elementor-widget elementor-widget-image\" data-id=\"69b75ec\" data-element_type=\"widget\" data-e-type=\"widget\" data-widget_type=\"image.default\">\n\t\t\t\t<div class=\"elementor-widget-container\">\n\t\t\t\t\t\t\t\t\t\t\t\t\t\t\t<img decoding=\"async\" width=\"264\" height=\"172\" src=\"https:\/\/www.gestionatufarmacia.com\/2021\/wp-content\/uploads\/2021\/01\/simbolo.png\" class=\"attachment-large size-large wp-image-18\" alt=\"\" \/>\t\t\t\t\t\t\t\t\t\t\t\t\t\t\t<\/div>\n\t\t\t\t<\/div>\n\t\t\t\t<div class=\"elementor-element elementor-element-db0979e elementor-widget elementor-widget-heading\" data-id=\"db0979e\" data-element_type=\"widget\" data-e-type=\"widget\" data-widget_type=\"heading.default\">\n\t\t\t\t<div class=\"elementor-widget-container\">\n\t\t\t\t\t<h2 class=\"elementor-heading-title elementor-size-default\">CONGRESO ONLINE<\/h2>\t\t\t\t<\/div>\n\t\t\t\t<\/div>\n\t\t\t\t<div class=\"elementor-element elementor-element-c476eee elementor-widget elementor-widget-heading\" data-id=\"c476eee\" data-element_type=\"widget\" data-e-type=\"widget\" data-widget_type=\"heading.default\">\n\t\t\t\t<div class=\"elementor-widget-container\">\n\t\t\t\t\t<h1 class=\"elementor-heading-title elementor-size-default\">Gestiona Tu Farmacia 2021<\/h1>\t\t\t\t<\/div>\n\t\t\t\t<\/div>\n\t\t\t\t<div class=\"elementor-element elementor-element-8a5757e elementor-widget elementor-widget-heading\" data-id=\"8a5757e\" data-element_type=\"widget\" data-e-type=\"widget\" data-widget_type=\"heading.default\">\n\t\t\t\t<div class=\"elementor-widget-container\">\n\t\t\t\t\t<h2 class=\"elementor-heading-title elementor-size-default\">del 12 al 16 de Abril de 2021<\/h2>\t\t\t\t<\/div>\n\t\t\t\t<\/div>\n\t\t\t\t<div class=\"elementor-element elementor-element-3c05424 elementor-widget-divider--view-line elementor-widget elementor-widget-divider\" data-id=\"3c05424\" data-element_type=\"widget\" data-e-type=\"widget\" data-widget_type=\"divider.default\">\n\t\t\t\t<div class=\"elementor-widget-container\">\n\t\t\t\t\t\t\t<div class=\"elementor-divider\">\n\t\t\t<span class=\"elementor-divider-separator\">\n\t\t\t\t\t\t<\/span>\n\t\t<\/div>\n\t\t\t\t\t\t<\/div>\n\t\t\t\t<\/div>\n\t\t\t\t<div class=\"elementor-element elementor-element-1f4724e elementor-widget elementor-widget-text-editor\" data-id=\"1f4724e\" data-element_type=\"widget\" data-e-type=\"widget\" data-widget_type=\"text-editor.default\">\n\t\t\t\t<div class=\"elementor-widget-container\">\n\t\t\t\t\t\t\t\t\t<p>Si intentas acceder a una de las ponencias y charlas del Congreso, recuerda que <b>con la entrada gratuita se pod\u00eda ver todas las charlas en directo durante 24 horas despu\u00e9s de su publicaci\u00f3n<\/b>. Pero una vez pasado este plazo, si te perdiste alguna o quieres ver una entrevista de nuevo, <b>necesitas el PASE VIP<\/b>.<br><\/p>\t\t\t\t\t\t\t\t<\/div>\n\t\t\t\t<\/div>\n\t\t\t\t<div class=\"elementor-element elementor-element-7feb3c1 elementor-widget elementor-widget-text-editor\" data-id=\"7feb3c1\" data-element_type=\"widget\" data-e-type=\"widget\" data-widget_type=\"text-editor.default\">\n\t\t\t\t<div class=\"elementor-widget-container\">\n\t\t\t\t\t\t\t\t\t<p>\u00bfQuieres ACCESO ILIMITADO a material exclusivo y a los audios del congreso para escuchar desde cualquier lugar?<\/p>\t\t\t\t\t\t\t\t<\/div>\n\t\t\t\t<\/div>\n\t\t\t\t<div class=\"elementor-element elementor-element-6437a3f elementor-widget elementor-widget-global elementor-global-1397 elementor-widget-eael-creative-button\" data-id=\"6437a3f\" data-element_type=\"widget\" data-e-type=\"widget\" data-widget_type=\"eael-creative-button.default\">\n\t\t\t\t<div class=\"elementor-widget-container\">\n\t\t\t\t\t        <div class=\"eael-creative-button-wrapper\">\n\n            <a class=\"eael-creative-button eael-creative-button--default eael-cb-icon-position-right\" href=\"https:\/\/www.gestionatufarmacia.com\/2021\/registro\/pase-vip-congreso-2021\/\" data-text=\"\">\n            \t    \n                <div class=\"creative-button-inner\">\n\n                    \n                    <span class=\"cretive-button-text\">Quiero un Pase VIP (197\u20ac) <\/span>\n\n                                            <span class=\"eael-creative-button-icon-right\"><svg xmlns=\"http:\/\/www.w3.org\/2000\/svg\" id=\"75d1916a-3500-4368-bf11-26a358bc2bb7\" data-name=\"Capa 1\" viewBox=\"0 0 512 511.82\"><defs><style>.f74ba048-a310-4e7b-8ce7-13248db105c5{fill:#fff;}<\/style><\/defs><title>ticket2<\/title><path class=\"f74ba048-a310-4e7b-8ce7-13248db105c5\" d=\"M199.08,292.67l-22.19,45-49.62,7.21,35.9,35-8.47,49.41,44.38-23.33,44.37,23.33L235,379.84l35.9-35-49.62-7.21Z\" transform=\"translate(0 -0.09)\"><\/path><path class=\"f74ba048-a310-4e7b-8ce7-13248db105c5\" d=\"M506.7,141.13l-141-141a125.57,125.57,0,0,1-73.74,0l-176,176h50.9l71.88-71.88L260,125.4,209.3,176.08h52.46l24.44-24.45,24.43,24.45h75.22l-14.64-14.64L392,140.67l21.21,21.22L399,176.08h79.82l3.92,9a96.63,96.63,0,0,0,22.59,32l.93-.93a125.37,125.37,0,0,1,.44-75.08ZM297.51,87.73,276.3,66.51l20.76-20.76L318.27,67ZM345,135.18,323.76,114l20.76-20.76,21.21,21.21Z\" transform=\"translate(0 -0.09)\"><\/path><path class=\"f74ba048-a310-4e7b-8ce7-13248db105c5\" d=\"M512,458.87V258.45a126.14,126.14,0,0,1-52.43-52.38H53.67A125.9,125.9,0,0,1,0,259.11V459.53a126,126,0,0,1,52.42,52.38H458.33A125.9,125.9,0,0,1,512,458.87Zm-232.16,5.07-16.2,9.81-64.56-33.94-64.56,33.94L118.31,464l12.63-73.64L79,339.7,82.48,321,157,310.21,189.65,244H208.5l32.68,66.22L315.69,321l3.42,18.67-51.9,50.6Zm152.47,10.57h-31v-30h31Zm0-67.42h-31v-30h31Zm0-67.42h-31v-30h31Zm0-67.41h-31v-30h31Z\" transform=\"translate(0 -0.09)\"><\/path><\/svg><\/span>                                    <\/div>\n\t                        <\/a>\n        <\/div>\n        \t\t\t\t<\/div>\n\t\t\t\t<\/div>\n\t\t\t\t<div class=\"elementor-element elementor-element-124b1ed elementor-widget elementor-widget-spacer\" data-id=\"124b1ed\" data-element_type=\"widget\" data-e-type=\"widget\" data-widget_type=\"spacer.default\">\n\t\t\t\t<div class=\"elementor-widget-container\">\n\t\t\t\t\t\t\t<div class=\"elementor-spacer\">\n\t\t\t<div class=\"elementor-spacer-inner\"><\/div>\n\t\t<\/div>\n\t\t\t\t\t\t<\/div>\n\t\t\t\t<\/div>\n\t\t\t\t\t<\/div>\n\t\t<\/div>\n\t\t\t\t\t<\/div>\n\t\t<\/section>\n\t\t\t\t<\/div>\n\t\t","protected":false},"excerpt":{"rendered":"<p>Lo sentimos, pero el contenido que buscas no est\u00e1 disponible CONGRESO ONLINE Gestiona Tu Farmacia 2021 del 12 al 16 de Abril de 2021 Si intentas acceder a una de las ponencias y charlas del Congreso, recuerda que con la entrada gratuita se pod\u00eda ver todas las charlas en directo durante 24 horas despu\u00e9s de [&hellip;]<\/p>\n","protected":false},"author":1,"featured_media":0,"parent":0,"menu_order":0,"comment_status":"closed","ping_status":"closed","template":"elementor_header_footer","meta":{"footnotes":""},"class_list":["post-17421","page","type-page","status-publish","hentry"],"_links":{"self":[{"href":"https:\/\/www.gestionatufarmacia.com\/2021\/wp-json\/wp\/v2\/pages\/17421","targetHints":{"allow":["GET"]}}],"collection":[{"href":"https:\/\/www.gestionatufarmacia.com\/2021\/wp-json\/wp\/v2\/pages"}],"about":[{"href":"https:\/\/www.gestionatufarmacia.com\/2021\/wp-json\/wp\/v2\/types\/page"}],"author":[{"embeddable":true,"href":"https:\/\/www.gestionatufarmacia.com\/2021\/wp-json\/wp\/v2\/users\/1"}],"replies":[{"embeddable":true,"href":"https:\/\/www.gestionatufarmacia.com\/2021\/wp-json\/wp\/v2\/comments?post=17421"}],"version-history":[{"count":0,"href":"https:\/\/www.gestionatufarmacia.com\/2021\/wp-json\/wp\/v2\/pages\/17421\/revisions"}],"wp:attachment":[{"href":"https:\/\/www.gestionatufarmacia.com\/2021\/wp-json\/wp\/v2\/media?parent=17421"}],"curies":[{"name":"wp","href":"https:\/\/api.w.org\/{rel}","templated":true}]}}