{"id":289,"date":"2020-05-19T10:20:33","date_gmt":"2020-05-19T08:20:33","guid":{"rendered":"https:\/\/www.gestionatufarmacia.com\/?page_id=289"},"modified":"2021-01-22T10:38:13","modified_gmt":"2021-01-22T09:38:13","slug":"agenda-vip","status":"publish","type":"page","link":"https:\/\/www.gestionatufarmacia.com\/2020\/agenda-vip\/","title":{"rendered":"Agenda VIP"},"content":{"rendered":"<div class=\"mp_wrapper\">\n  <div class=\"mepr-unauthorized-message\">\n    <p class=\"text_acc_2\">S\u00f3lo los usuarios que han adquirido el <strong>PACK PREMIUM<\/strong> pueden entrar en esta p\u00e1gina.<\/p>\n<p class=\"text_acc_3\">Si ya lo tienes, introduce tu usuario y contrase\u00f1a para acceder al contenido.<\/p>\n<p class=\"text_acc_4\">\u00a1Nos vemos dentro!<\/p>\n  <\/div>\n  <div class=\"mepr-login-form-wrap\">\n            \n<div class=\"mp_wrapper mp_login_form\">\n                  <!-- mp-login-form-start -->     <form name=\"mepr_loginform\" id=\"mepr_loginform\" class=\"mepr-form\" action=\"https:\/\/www.gestionatufarmacia.com\/2020\/acceso-vip\/\" method=\"post\">\n            <div class=\"mp-form-row mepr_username\">\n        <div class=\"mp-form-label\">\n                              <label for=\"user_login\">Username<\/label>\n        <\/div>\n        <input type=\"text\" name=\"log\" id=\"user_login\" value=\"\" \/>\n      <\/div>\n      <div class=\"mp-form-row mepr_password\">\n        <div class=\"mp-form-label\">\n          <label for=\"user_pass\">Password<\/label>\n          <div class=\"mp-hide-pw\">\n            <input type=\"password\" name=\"pwd\" id=\"user_pass\" value=\"\" \/>\n            <button type=\"button\" class=\"button mp-hide-pw hide-if-no-js\" data-toggle=\"0\" aria-label=\"Show password\">\n              <span class=\"dashicons dashicons-visibility\" aria-hidden=\"true\"><\/span>\n            <\/button>\n          <\/div>\n        <\/div>\n      <\/div>\n            <div>\n        <label><input name=\"rememberme\" type=\"checkbox\" id=\"rememberme\" value=\"forever\" \/> Remember Me<\/label>\n      <\/div>\n      <div class=\"mp-spacer\">&nbsp;<\/div>\n      <div class=\"submit\">\n        <input type=\"submit\" name=\"wp-submit\" id=\"wp-submit\" class=\"button-primary mepr-share-button \" value=\"Log In\" \/>\n        <input type=\"hidden\" name=\"redirect_to\" value=\"\/2020\/wp-json\/wp\/v2\/pages\/289\" \/>\n        <input type=\"hidden\" name=\"mepr_process_login_form\" value=\"true\" \/>\n        <input type=\"hidden\" name=\"mepr_is_login_page\" value=\"false\" \/>\n      <\/div>\n    <\/form>\n    <div class=\"mp-spacer\">&nbsp;<\/div>\n    <div class=\"mepr-login-actions\">\n        <a\n          href=\"https:\/\/www.gestionatufarmacia.com\/2020\/acceso-vip\/?action=forgot_password\"\n          title=\"Click here to reset your password\"\n        >\n          Forgot Password        <\/a>\n    <\/div>\n\n      \n    <!-- mp-login-form-end --> \n  <\/div>\n      <\/div>\n<\/div>\n","protected":false},"excerpt":{"rendered":"<p>S\u00f3lo los usuarios que han adquirido el PACK PREMIUM pueden entrar en esta p\u00e1gina. Si ya lo tienes, introduce tu usuario y contrase\u00f1a para acceder al contenido. \u00a1Nos vemos dentro!<\/p>\n","protected":false},"author":1,"featured_media":0,"parent":0,"menu_order":0,"comment_status":"closed","ping_status":"closed","template":"elementor_header_footer","meta":{"footnotes":""},"class_list":["post-289","page","type-page","status-publish","hentry"],"yoast_head":"<!-- This site is optimized with the Yoast SEO plugin v27.5 - https:\/\/yoast.com\/product\/yoast-seo-wordpress\/ -->\n<title>Agenda VIP - Gestiona tu Farmacia<\/title>\n<meta name=\"robots\" content=\"index, follow, max-snippet:-1, max-image-preview:large, max-video-preview:-1\" \/>\n<link rel=\"canonical\" href=\"https:\/\/www.gestionatufarmacia.com\/2020\/agenda-vip\/\" \/>\n<meta property=\"og:locale\" content=\"es_ES\" \/>\n<meta property=\"og:type\" content=\"article\" \/>\n<meta property=\"og:title\" content=\"Agenda VIP - Gestiona tu Farmacia\" \/>\n<meta property=\"og:description\" content=\"S\u00f3lo los usuarios que han adquirido el PACK PREMIUM pueden entrar en esta p\u00e1gina. Si ya lo tienes, introduce tu usuario y contrase\u00f1a para acceder al contenido. \u00a1Nos vemos dentro!\" \/>\n<meta property=\"og:url\" content=\"https:\/\/www.gestionatufarmacia.com\/2020\/agenda-vip\/\" \/>\n<meta property=\"og:site_name\" content=\"Gestiona tu Farmacia\" \/>\n<meta property=\"article:modified_time\" content=\"2021-01-22T09:38:13+00:00\" \/>\n<meta property=\"og:image\" content=\"https:\/\/www.gestionatufarmacia.com\/2020\/wp-content\/uploads\/2020\/06\/stand-premium.svg\" \/>\n<meta name=\"twitter:card\" content=\"summary_large_image\" \/>\n<meta name=\"twitter:label1\" content=\"Tiempo de lectura\" \/>\n\t<meta name=\"twitter:data1\" content=\"79 minutos\" \/>\n<script type=\"application\/ld+json\" class=\"yoast-schema-graph\">{\"@context\":\"https:\\\/\\\/schema.org\",\"@graph\":[{\"@type\":\"WebPage\",\"@id\":\"https:\\\/\\\/www.gestionatufarmacia.com\\\/2020\\\/agenda-vip\\\/\",\"url\":\"https:\\\/\\\/www.gestionatufarmacia.com\\\/2020\\\/agenda-vip\\\/\",\"name\":\"Agenda VIP - Gestiona tu Farmacia\",\"isPartOf\":{\"@id\":\"https:\\\/\\\/www.gestionatufarmacia.com\\\/2020\\\/#website\"},\"primaryImageOfPage\":{\"@id\":\"https:\\\/\\\/www.gestionatufarmacia.com\\\/2020\\\/agenda-vip\\\/#primaryimage\"},\"image\":{\"@id\":\"https:\\\/\\\/www.gestionatufarmacia.com\\\/2020\\\/agenda-vip\\\/#primaryimage\"},\"thumbnailUrl\":\"https:\\\/\\\/www.gestionatufarmacia.com\\\/2020\\\/wp-content\\\/uploads\\\/2020\\\/06\\\/stand-premium.svg\",\"datePublished\":\"2020-05-19T08:20:33+00:00\",\"dateModified\":\"2021-01-22T09:38:13+00:00\",\"breadcrumb\":{\"@id\":\"https:\\\/\\\/www.gestionatufarmacia.com\\\/2020\\\/agenda-vip\\\/#breadcrumb\"},\"inLanguage\":\"es\",\"potentialAction\":[{\"@type\":\"ReadAction\",\"target\":[\"https:\\\/\\\/www.gestionatufarmacia.com\\\/2020\\\/agenda-vip\\\/\"]}]},{\"@type\":\"ImageObject\",\"inLanguage\":\"es\",\"@id\":\"https:\\\/\\\/www.gestionatufarmacia.com\\\/2020\\\/agenda-vip\\\/#primaryimage\",\"url\":\"https:\\\/\\\/www.gestionatufarmacia.com\\\/2020\\\/wp-content\\\/uploads\\\/2020\\\/06\\\/stand-premium.svg\",\"contentUrl\":\"https:\\\/\\\/www.gestionatufarmacia.com\\\/2020\\\/wp-content\\\/uploads\\\/2020\\\/06\\\/stand-premium.svg\"},{\"@type\":\"BreadcrumbList\",\"@id\":\"https:\\\/\\\/www.gestionatufarmacia.com\\\/2020\\\/agenda-vip\\\/#breadcrumb\",\"itemListElement\":[{\"@type\":\"ListItem\",\"position\":1,\"name\":\"Portada\",\"item\":\"https:\\\/\\\/www.gestionatufarmacia.com\\\/2020\\\/\"},{\"@type\":\"ListItem\",\"position\":2,\"name\":\"Agenda VIP\"}]},{\"@type\":\"WebSite\",\"@id\":\"https:\\\/\\\/www.gestionatufarmacia.com\\\/2020\\\/#website\",\"url\":\"https:\\\/\\\/www.gestionatufarmacia.com\\\/2020\\\/\",\"name\":\"Gestiona tu Farmacia\",\"description\":\"\",\"potentialAction\":[{\"@type\":\"SearchAction\",\"target\":{\"@type\":\"EntryPoint\",\"urlTemplate\":\"https:\\\/\\\/www.gestionatufarmacia.com\\\/2020\\\/?s={search_term_string}\"},\"query-input\":{\"@type\":\"PropertyValueSpecification\",\"valueRequired\":true,\"valueName\":\"search_term_string\"}}],\"inLanguage\":\"es\"}]}<\/script>\n<!-- \/ Yoast SEO plugin. -->","yoast_head_json":{"title":"Agenda VIP - Gestiona tu Farmacia","robots":{"index":"index","follow":"follow","max-snippet":"max-snippet:-1","max-image-preview":"max-image-preview:large","max-video-preview":"max-video-preview:-1"},"canonical":"https:\/\/www.gestionatufarmacia.com\/2020\/agenda-vip\/","og_locale":"es_ES","og_type":"article","og_title":"Agenda VIP - Gestiona tu Farmacia","og_description":"S\u00f3lo los usuarios que han adquirido el PACK PREMIUM pueden entrar en esta p\u00e1gina. Si ya lo tienes, introduce tu usuario y contrase\u00f1a para acceder al contenido. \u00a1Nos vemos dentro!","og_url":"https:\/\/www.gestionatufarmacia.com\/2020\/agenda-vip\/","og_site_name":"Gestiona tu Farmacia","article_modified_time":"2021-01-22T09:38:13+00:00","og_image":[{"url":"https:\/\/www.gestionatufarmacia.com\/2020\/wp-content\/uploads\/2020\/06\/stand-premium.svg","type":"","width":"","height":""}],"twitter_card":"summary_large_image","twitter_misc":{"Tiempo de lectura":"79 minutos"},"schema":{"@context":"https:\/\/schema.org","@graph":[{"@type":"WebPage","@id":"https:\/\/www.gestionatufarmacia.com\/2020\/agenda-vip\/","url":"https:\/\/www.gestionatufarmacia.com\/2020\/agenda-vip\/","name":"Agenda VIP - Gestiona tu Farmacia","isPartOf":{"@id":"https:\/\/www.gestionatufarmacia.com\/2020\/#website"},"primaryImageOfPage":{"@id":"https:\/\/www.gestionatufarmacia.com\/2020\/agenda-vip\/#primaryimage"},"image":{"@id":"https:\/\/www.gestionatufarmacia.com\/2020\/agenda-vip\/#primaryimage"},"thumbnailUrl":"https:\/\/www.gestionatufarmacia.com\/2020\/wp-content\/uploads\/2020\/06\/stand-premium.svg","datePublished":"2020-05-19T08:20:33+00:00","dateModified":"2021-01-22T09:38:13+00:00","breadcrumb":{"@id":"https:\/\/www.gestionatufarmacia.com\/2020\/agenda-vip\/#breadcrumb"},"inLanguage":"es","potentialAction":[{"@type":"ReadAction","target":["https:\/\/www.gestionatufarmacia.com\/2020\/agenda-vip\/"]}]},{"@type":"ImageObject","inLanguage":"es","@id":"https:\/\/www.gestionatufarmacia.com\/2020\/agenda-vip\/#primaryimage","url":"https:\/\/www.gestionatufarmacia.com\/2020\/wp-content\/uploads\/2020\/06\/stand-premium.svg","contentUrl":"https:\/\/www.gestionatufarmacia.com\/2020\/wp-content\/uploads\/2020\/06\/stand-premium.svg"},{"@type":"BreadcrumbList","@id":"https:\/\/www.gestionatufarmacia.com\/2020\/agenda-vip\/#breadcrumb","itemListElement":[{"@type":"ListItem","position":1,"name":"Portada","item":"https:\/\/www.gestionatufarmacia.com\/2020\/"},{"@type":"ListItem","position":2,"name":"Agenda VIP"}]},{"@type":"WebSite","@id":"https:\/\/www.gestionatufarmacia.com\/2020\/#website","url":"https:\/\/www.gestionatufarmacia.com\/2020\/","name":"Gestiona tu Farmacia","description":"","potentialAction":[{"@type":"SearchAction","target":{"@type":"EntryPoint","urlTemplate":"https:\/\/www.gestionatufarmacia.com\/2020\/?s={search_term_string}"},"query-input":{"@type":"PropertyValueSpecification","valueRequired":true,"valueName":"search_term_string"}}],"inLanguage":"es"}]}},"_links":{"self":[{"href":"https:\/\/www.gestionatufarmacia.com\/2020\/wp-json\/wp\/v2\/pages\/289","targetHints":{"allow":["GET"]}}],"collection":[{"href":"https:\/\/www.gestionatufarmacia.com\/2020\/wp-json\/wp\/v2\/pages"}],"about":[{"href":"https:\/\/www.gestionatufarmacia.com\/2020\/wp-json\/wp\/v2\/types\/page"}],"author":[{"embeddable":true,"href":"https:\/\/www.gestionatufarmacia.com\/2020\/wp-json\/wp\/v2\/users\/1"}],"replies":[{"embeddable":true,"href":"https:\/\/www.gestionatufarmacia.com\/2020\/wp-json\/wp\/v2\/comments?post=289"}],"version-history":[{"count":0,"href":"https:\/\/www.gestionatufarmacia.com\/2020\/wp-json\/wp\/v2\/pages\/289\/revisions"}],"wp:attachment":[{"href":"https:\/\/www.gestionatufarmacia.com\/2020\/wp-json\/wp\/v2\/media?parent=289"}],"curies":[{"name":"wp","href":"https:\/\/api.w.org\/{rel}","templated":true}]}}